{"id":192,"date":"2025-01-18T02:17:59","date_gmt":"2025-01-18T01:17:59","guid":{"rendered":"https:\/\/betmaster.hu\/?page_id=192"},"modified":"2025-01-18T02:18:21","modified_gmt":"2025-01-18T01:18:21","slug":"basic","status":"publish","type":"page","link":"https:\/\/betmaster.hu\/?page_id=192","title":{"rendered":"BASIC"},"content":{"rendered":"<p>[et_pb_section fb_built=&#8221;1&#8243; admin_label=&#8221;TBVS &#8211; Dark &#8211; Gallery 1&#8243; module_class=&#8221;tbvs-section-dark&#8221; _builder_version=&#8221;4.16&#8243; _module_preset=&#8221;default&#8221; background_color=&#8221;#181818&#8243; custom_padding=&#8221;0px||0px|||&#8221; global_colors_info=&#8221;{}&#8221; theme_builder_area=&#8221;post_content&#8221;][et_pb_row use_custom_gutter=&#8221;on&#8221; gutter_width=&#8221;2&#8243; _builder_version=&#8221;4.16&#8243; _module_preset=&#8221;default&#8221; global_colors_info=&#8221;{}&#8221; theme_builder_area=&#8221;post_content&#8221;][et_pb_column type=&#8221;4_4&#8243; _builder_version=&#8221;4.16&#8243; _module_preset=&#8221;default&#8221; global_colors_info=&#8221;{}&#8221; theme_builder_area=&#8221;post_content&#8221;][et_pb_gallery gallery_ids=&#8221;3103,376,3105,377,3107,3108,3109,3110&#8243; posts_number=&#8221;8&#8243; show_title_and_caption=&#8221;off&#8221; show_pagination=&#8221;off&#8221; zoom_icon_color=&#8221;#0000FF&#8221; hover_overlay_color=&#8221;rgba(24,24,24,0.25)&#8221; hover_icon=&#8221;&#x4c;||divi||400&#8243; _builder_version=&#8221;4.16&#8243; _module_preset=&#8221;default&#8221; title_font=&#8221;Montserrat|800|||||||&#8221; title_text_color=&#8221;#181818&#8243; title_font_size=&#8221;16px&#8221; title_line_height=&#8221;1.1em&#8221; caption_font=&#8221;Open Sans||||||||&#8221; caption_text_color=&#8221;#333333&#8243; pagination_font=&#8221;Open Sans||||||||&#8221; pagination_text_color=&#8221;#333333&#8243; custom_css_overlay=&#8221;border: none;&#8221; global_colors_info=&#8221;{}&#8221; theme_builder_area=&#8221;post_content&#8221;][\/et_pb_gallery][\/et_pb_column][\/et_pb_row][\/et_pb_section][et_pb_section fb_built=&#8221;1&#8243; admin_label=&#8221;TBVS &#8211; Light &#8211; Gallery 9&#8243; module_class=&#8221;tbvs-section-light&#8221; _builder_version=&#8221;4.16&#8243; _module_preset=&#8221;default&#8221; global_colors_info=&#8221;{}&#8221; theme_builder_area=&#8221;post_content&#8221;][et_pb_row _builder_version=&#8221;4.16&#8243; _module_preset=&#8221;default&#8221; max_width=&#8221;750px&#8221; global_colors_info=&#8221;{}&#8221; theme_builder_area=&#8221;post_content&#8221;][et_pb_column type=&#8221;4_4&#8243; _builder_version=&#8221;4.16&#8243; _module_preset=&#8221;default&#8221; global_colors_info=&#8221;{}&#8221; theme_builder_area=&#8221;post_content&#8221;][et_pb_text _builder_version=&#8221;4.27.4&#8243; _module_preset=&#8221;default&#8221; header_3_font=&#8221;Montserrat|800|||||||&#8221; header_3_text_color=&#8221;#181818&#8243; header_3_font_size=&#8221;20px&#8221; header_3_line_height=&#8221;1.1em&#8221; text_orientation=&#8221;center&#8221; custom_margin=&#8221;||5px||false|false&#8221; hover_enabled=&#8221;0&#8243; global_colors_info=&#8221;{}&#8221; theme_builder_area=&#8221;post_content&#8221; sticky_enabled=&#8221;0&#8243;]<\/p>\n<h3>szelv\u00e9nyek, elemz\u00e9sek<\/h3>\n<p>[\/et_pb_text][et_pb_text _builder_version=&#8221;4.27.4&#8243; _module_preset=&#8221;default&#8221; header_2_font=&#8221;Montserrat|800|||||||&#8221; header_2_text_color=&#8221;#38a7f7&#8243; header_2_font_size=&#8221;38px&#8221; header_2_line_height=&#8221;1.1em&#8221; text_orientation=&#8221;center&#8221; hover_enabled=&#8221;0&#8243; global_colors_info=&#8221;{}&#8221; theme_builder_area=&#8221;post_content&#8221; sticky_enabled=&#8221;0&#8243;]<\/p>\n<h2>BASIC CSOPORT<\/h2>\n<p>[\/et_pb_text][\/et_pb_column][\/et_pb_row][et_pb_row _builder_version=&#8221;4.27.4&#8243; _module_preset=&#8221;default&#8221; column_structure=&#8221;1_2,1_2&#8243; theme_builder_area=&#8221;post_content&#8221; hover_enabled=&#8221;0&#8243; sticky_enabled=&#8221;0&#8243;][et_pb_column _builder_version=&#8221;4.27.4&#8243; _module_preset=&#8221;default&#8221; type=&#8221;1_2&#8243; theme_builder_area=&#8221;post_content&#8221;][et_pb_text _builder_version=&#8221;4.27.4&#8243; _module_preset=&#8221;default&#8221; header_2_font=&#8221;Montserrat|800|||||||&#8221; header_2_text_color=&#8221;#38a7f7&#8243; header_2_font_size=&#8221;38px&#8221; header_2_line_height=&#8221;1.1em&#8221; text_orientation=&#8221;center&#8221; hover_enabled=&#8221;0&#8243; global_colors_info=&#8221;{}&#8221; theme_builder_area=&#8221;post_content&#8221; sticky_enabled=&#8221;0&#8243;]<\/p>\n<h2>A szelv\u00e9ny<\/h2>\n<p>[\/et_pb_text][et_pb_text _builder_version=&#8221;4.27.4&#8243; _module_preset=&#8221;default&#8221; header_3_font=&#8221;Montserrat|800|||||||&#8221; header_3_text_color=&#8221;#181818&#8243; header_3_font_size=&#8221;20px&#8221; header_3_line_height=&#8221;1.1em&#8221; text_orientation=&#8221;center&#8221; custom_margin=&#8221;||5px||false|false&#8221; hover_enabled=&#8221;0&#8243; global_colors_info=&#8221;{}&#8221; theme_builder_area=&#8221;post_content&#8221; sticky_enabled=&#8221;0&#8243;]<\/p>\n<h3>Elemz\u00e9s:<\/h3>\n<p>[\/et_pb_text][et_pb_text _builder_version=&#8221;4.27.4&#8243; _module_preset=&#8221;default&#8221; text_font=&#8221;Open Sans||||||||&#8221; text_text_color=&#8221;#333333&#8243; text_orientation=&#8221;center&#8221; hover_enabled=&#8221;0&#8243; global_colors_info=&#8221;{}&#8221; theme_builder_area=&#8221;post_content&#8221; sticky_enabled=&#8221;0&#8243;]<\/p>\n<p>Itt minden tipp, amit kiaj\u00e1nlottunk Nektek visszan\u00e9zhetitek. Nincs semmi titkolni val\u00f3, mi azon dolgozunk, hogy a legjobb elemz\u00e9seket k\u00e9sz\u00edts\u00fck el Nektek \u00e9s kihozzuk a lehet\u0151 legt\u00f6bbet ebb\u0151l az eg\u00e9sz projektb\u0151l az MI seg\u00edts\u00e9g\u00e9vel.<\/p>\n<p>[\/et_pb_text][et_pb_image src=&#8221;https:\/\/betmaster.hu\/wp-content\/uploads\/2025\/01\/tbvs-image-2560&#215;1440-1.png&#8221; title_text=&#8221;tbvs-image-2560&#215;1440&#8243; show_in_lightbox=&#8221;on&#8221; _builder_version=&#8221;4.27.4&#8243; _module_preset=&#8221;default&#8221; box_shadow_style=&#8221;preset3&#8243; global_colors_info=&#8221;{}&#8221; theme_builder_area=&#8221;post_content&#8221;][\/et_pb_image][\/et_pb_column][et_pb_column _builder_version=&#8221;4.27.4&#8243; _module_preset=&#8221;default&#8221; type=&#8221;1_2&#8243; theme_builder_area=&#8221;post_content&#8221;][et_pb_text _builder_version=&#8221;4.27.4&#8243; _module_preset=&#8221;default&#8221; header_2_font=&#8221;Montserrat|800|||||||&#8221; header_2_text_color=&#8221;#38a7f7&#8243; header_2_font_size=&#8221;38px&#8221; header_2_line_height=&#8221;1.1em&#8221; text_orientation=&#8221;center&#8221; hover_enabled=&#8221;0&#8243; global_colors_info=&#8221;{}&#8221; theme_builder_area=&#8221;post_content&#8221; sticky_enabled=&#8221;0&#8243;]<\/p>\n<h2>B szelv\u00e9ny<\/h2>\n<p>[\/et_pb_text][et_pb_text _builder_version=&#8221;4.27.4&#8243; _module_preset=&#8221;default&#8221; header_3_font=&#8221;Montserrat|800|||||||&#8221; header_3_text_color=&#8221;#181818&#8243; header_3_font_size=&#8221;20px&#8221; header_3_line_height=&#8221;1.1em&#8221; text_orientation=&#8221;center&#8221; custom_margin=&#8221;||5px||false|false&#8221; hover_enabled=&#8221;0&#8243; global_colors_info=&#8221;{}&#8221; theme_builder_area=&#8221;post_content&#8221; sticky_enabled=&#8221;0&#8243;]<\/p>\n<h3>Elemz\u00e9s:<\/h3>\n<p>[\/et_pb_text][et_pb_text _builder_version=&#8221;4.27.4&#8243; _module_preset=&#8221;default&#8221; text_font=&#8221;Open Sans||||||||&#8221; text_text_color=&#8221;#333333&#8243; text_orientation=&#8221;center&#8221; hover_enabled=&#8221;0&#8243; global_colors_info=&#8221;{}&#8221; theme_builder_area=&#8221;post_content&#8221; sticky_enabled=&#8221;0&#8243;]<\/p>\n<p>Itt minden tipp, amit kiaj\u00e1nlottunk Nektek visszan\u00e9zhetitek. Nincs semmi titkolni val\u00f3, mi azon dolgozunk, hogy a legjobb elemz\u00e9seket k\u00e9sz\u00edts\u00fck el Nektek \u00e9s kihozzuk a lehet\u0151 legt\u00f6bbet ebb\u0151l az eg\u00e9sz projektb\u0151l az MI seg\u00edts\u00e9g\u00e9vel.<\/p>\n<p>[\/et_pb_text][et_pb_image src=&#8221;https:\/\/betmaster.hu\/wp-content\/uploads\/2025\/01\/tbvs-image-2560&#215;1440-1.png&#8221; title_text=&#8221;tbvs-image-2560&#215;1440&#8243; show_in_lightbox=&#8221;on&#8221; _builder_version=&#8221;4.16&#8243; _module_preset=&#8221;default&#8221; box_shadow_style=&#8221;preset3&#8243; global_colors_info=&#8221;{}&#8221; theme_builder_area=&#8221;post_content&#8221;][\/et_pb_image][\/et_pb_column][\/et_pb_row][\/et_pb_section][et_pb_section fb_built=&#8221;1&#8243; admin_label=&#8221;TBVS &#8211; Dark &#8211; Footer 6&#8243; module_class=&#8221;tbvs-section-dark&#8221; _builder_version=&#8221;4.27.4&#8243; _module_preset=&#8221;default&#8221; background_color=&#8221;#38a7f7&#8243; custom_padding=&#8221;0px||20px||false|false&#8221; global_colors_info=&#8221;{}&#8221; theme_builder_area=&#8221;post_content&#8221;][et_pb_row column_structure=&#8221;1_3,1_3,1_3&#8243; _builder_version=&#8221;4.16&#8243; _module_preset=&#8221;default&#8221; custom_padding=&#8221;||0px||false|false&#8221; global_colors_info=&#8221;{}&#8221; theme_builder_area=&#8221;post_content&#8221;][et_pb_column type=&#8221;1_3&#8243; _builder_version=&#8221;4.16&#8243; _module_preset=&#8221;default&#8221; custom_padding_tablet=&#8221;||10px||false|false&#8221; custom_padding_phone=&#8221;&#8221; custom_padding_last_edited=&#8221;on|tablet&#8221; global_colors_info=&#8221;{}&#8221; theme_builder_area=&#8221;post_content&#8221;][et_pb_text _builder_version=&#8221;4.27.4&#8243; _module_preset=&#8221;default&#8221; text_font=&#8221;Montserrat|300|||||||&#8221; text_font_size=&#8221;12px&#8221; text_line_height=&#8221;1.4em&#8221; background_layout=&#8221;dark&#8221; custom_padding=&#8221;||3px|||&#8221; global_colors_info=&#8221;{}&#8221; theme_builder_area=&#8221;post_content&#8221;]<\/p>\n<p class=\"info_warning\" style=\"text-align: center;\">Felh\u00edvjuk figyelmeteket, hogy 100%-os tipp itt sincs, mint sehol a vil\u00e1gban. <br \/>Oldalunkra regisztr\u00e1lt felhaszn\u00e1l\u00f3k kiz\u00e1r\u00f3lag ir\u00e1nymutat\u00e1st kapnak t\u00f6bb \u00e9ves tapasztalat alapj\u00e1n.<\/p>\n<p>[\/et_pb_text][\/et_pb_column][et_pb_column type=&#8221;1_3&#8243; _builder_version=&#8221;4.16&#8243; _module_preset=&#8221;default&#8221; custom_padding_tablet=&#8221;||10px||false|false&#8221; custom_padding_phone=&#8221;&#8221; custom_padding_last_edited=&#8221;on|tablet&#8221; global_colors_info=&#8221;{}&#8221; theme_builder_area=&#8221;post_content&#8221;][et_pb_text _builder_version=&#8221;4.27.4&#8243; _module_preset=&#8221;default&#8221; text_font=&#8221;Montserrat|300|||||||&#8221; text_font_size=&#8221;12px&#8221; text_line_height=&#8221;1.4em&#8221; background_layout=&#8221;dark&#8221; custom_margin=&#8221;||0px|||&#8221; custom_padding=&#8221;||3px|||&#8221; global_colors_info=&#8221;{}&#8221; theme_builder_area=&#8221;post_content&#8221;]<\/p>\n<p class=\"info_warning\" style=\"text-align: center;\">A weboldal NEM foglalkozik online \u00e9s tiltott szerencsej\u00e1t\u00e9k-szervez\u00e9ssel \u00e9s\/vagy azokban val\u00f3 r\u00e9szv\u00e9telre val\u00f3 felh\u00edv\u00e1ssal sem. Azaz az oldalon nincs sportfogad\u00e1s, kiz\u00e1r\u00f3lag tippek ad\u00e1sa t\u00f6rt\u00e9nik.<\/p>\n<p style=\"text-align: center;\"><strong>A szerencsej\u00e1t\u00e9kban 18 \u00e9ven aluli szem\u00e9lyek nem vehetnek r\u00e9szt!<\/strong><\/p>\n<p>[\/et_pb_text][et_pb_image src=&#8221;https:\/\/betmaster.hu\/wp-content\/uploads\/2025\/01\/logo.png&#8221; title_text=&#8221;logo&#8221; align=&#8221;center&#8221; _builder_version=&#8221;4.27.4&#8243; _module_preset=&#8221;default&#8221; max_width=&#8221;175px&#8221; global_colors_info=&#8221;{}&#8221; theme_builder_area=&#8221;post_content&#8221;][\/et_pb_image][\/et_pb_column][et_pb_column type=&#8221;1_3&#8243; _builder_version=&#8221;4.16&#8243; _module_preset=&#8221;default&#8221; custom_padding_tablet=&#8221;||10px||false|false&#8221; custom_padding_phone=&#8221;&#8221; custom_padding_last_edited=&#8221;on|tablet&#8221; global_colors_info=&#8221;{}&#8221; theme_builder_area=&#8221;post_content&#8221;][et_pb_text _builder_version=&#8221;4.24.0&#8243; _module_preset=&#8221;default&#8221; text_font=&#8221;Montserrat|300|||||||&#8221; text_font_size=&#8221;12px&#8221; text_line_height=&#8221;1.4em&#8221; background_layout=&#8221;dark&#8221; custom_padding=&#8221;||3px|||&#8221; global_colors_info=&#8221;{}&#8221; theme_builder_area=&#8221;post_content&#8221;]<\/p>\n<p class=\"info_warning\" style=\"text-align: center;\">A t\u00falz\u00e1sba vitt szerencsej\u00e1t\u00e9k \u00e1rtalmas,<br \/>szenved\u00e9lybetegs\u00e9g kialakul\u00e1s\u00e1hoz vezethet!<\/p>\n<p>[\/et_pb_text][\/et_pb_column][\/et_pb_row][et_pb_row make_equal=&#8221;on&#8221; _builder_version=&#8221;4.16&#8243; _module_preset=&#8221;default&#8221; custom_padding=&#8221;18px||||false|false&#8221; custom_css_main_element=&#8221;align-items: center;&#8221; border_color_all=&#8221;#FFFFFF&#8221; border_width_top=&#8221;1px&#8221; global_colors_info=&#8221;{}&#8221; theme_builder_area=&#8221;post_content&#8221;][et_pb_column type=&#8221;4_4&#8243; _builder_version=&#8221;4.16&#8243; _module_preset=&#8221;default&#8221; global_colors_info=&#8221;{}&#8221; theme_builder_area=&#8221;post_content&#8221;][et_pb_text _builder_version=&#8221;4.27.4&#8243; _module_preset=&#8221;default&#8221; text_font=&#8221;Montserrat||||||||&#8221; link_text_color=&#8221;#FFFFFF&#8221; text_orientation=&#8221;right&#8221; background_layout=&#8221;dark&#8221; text_orientation_tablet=&#8221;center&#8221; text_orientation_phone=&#8221;&#8221; text_orientation_last_edited=&#8221;on|tablet&#8221; global_colors_info=&#8221;{}&#8221; link_text_color__hover_enabled=&#8221;on|desktop&#8221; link_text_color__hover=&#8221;#0000FF&#8221; theme_builder_area=&#8221;post_content&#8221;]<\/p>\n<p style=\"text-align: center;\"><strong>\u00a9 2025 BETMASTER<\/strong>\u00a0| Minden jog fenntartva! |<a href=\"http:\/\/www.rbo.hu\/adatvedelem\" target=\"_blank\" rel=\"noopener\"> Adatv\u00e9delem<\/a> | <a href=\"http:\/\/www.rbo.hu\/aszf\" target=\"_blank\" rel=\"noopener\">\u00c1SZF<\/a><\/p>\n<p>[\/et_pb_text][\/et_pb_column][\/et_pb_row][\/et_pb_section]<\/p>\n","protected":false},"excerpt":{"rendered":"<p>szelv\u00e9nyek, elemz\u00e9sekBASIC CSOPORTA szelv\u00e9nyElemz\u00e9s:Itt minden tipp, amit kiaj\u00e1nlottunk Nektek visszan\u00e9zhetitek. Nincs semmi titkolni val\u00f3, mi azon dolgozunk, hogy a legjobb elemz\u00e9seket k\u00e9sz\u00edts\u00fck el Nektek \u00e9s kihozzuk a lehet\u0151 legt\u00f6bbet ebb\u0151l az eg\u00e9sz projektb\u0151l az MI seg\u00edts\u00e9g\u00e9vel.B szelv\u00e9nyElemz\u00e9s:Itt minden tipp, amit kiaj\u00e1nlottunk Nektek visszan\u00e9zhetitek. Nincs semmi titkolni val\u00f3, mi azon dolgozunk, hogy a legjobb elemz\u00e9seket k\u00e9sz\u00edts\u00fck [&hellip;]<\/p>\n","protected":false},"author":1,"featured_media":0,"parent":0,"menu_order":0,"comment_status":"closed","ping_status":"closed","template":"","meta":{"_et_pb_use_builder":"on","_et_pb_old_content":"","_et_gb_content_width":"","footnotes":""},"class_list":["post-192","page","type-page","status-publish","hentry"],"jetpack_sharing_enabled":true,"_links":{"self":[{"href":"https:\/\/betmaster.hu\/index.php?rest_route=\/wp\/v2\/pages\/192","targetHints":{"allow":["GET"]}}],"collection":[{"href":"https:\/\/betmaster.hu\/index.php?rest_route=\/wp\/v2\/pages"}],"about":[{"href":"https:\/\/betmaster.hu\/index.php?rest_route=\/wp\/v2\/types\/page"}],"author":[{"embeddable":true,"href":"https:\/\/betmaster.hu\/index.php?rest_route=\/wp\/v2\/users\/1"}],"replies":[{"embeddable":true,"href":"https:\/\/betmaster.hu\/index.php?rest_route=%2Fwp%2Fv2%2Fcomments&post=192"}],"version-history":[{"count":2,"href":"https:\/\/betmaster.hu\/index.php?rest_route=\/wp\/v2\/pages\/192\/revisions"}],"predecessor-version":[{"id":195,"href":"https:\/\/betmaster.hu\/index.php?rest_route=\/wp\/v2\/pages\/192\/revisions\/195"}],"wp:attachment":[{"href":"https:\/\/betmaster.hu\/index.php?rest_route=%2Fwp%2Fv2%2Fmedia&parent=192"}],"curies":[{"name":"wp","href":"https:\/\/api.w.org\/{rel}","templated":true}]}}